{"id":4448,"date":"2020-12-16T11:18:51","date_gmt":"2020-12-16T10:18:51","guid":{"rendered":"https:\/\/weddings.marcinkrokowski.com\/home\/"},"modified":"2025-01-04T11:46:14","modified_gmt":"2025-01-04T10:46:14","slug":"home","status":"publish","type":"page","link":"https:\/\/weddings.marcinkrokowski.com\/en\/","title":{"rendered":"Home"},"content":{"rendered":"<div class=\"gb-container gb-container-6c4e2d43\"><div class=\"gb-inside-container\">\n\n<h2 class=\"gb-headline gb-headline-1571512d gb-headline-text\">Hello! I see you are looking for a wedding photographer?<\/h2>\n\n\n\n<p class=\"has-text-align-justify\">As you might have noticed at the beginning, my name is <strong>Marcin Krokowski<\/strong> and I have been photographing weddings for over 5 years. Previously, I was involved in event reportage and portrait photography. However, photographing two people in love at the most important moments of their lives gives me the greatest pleasure, which is how you come to my site.<\/p>\n\n\n<div class=\"wp-block-image caption-align-center\">\n<figure class=\"aligncenter size-large is-resized\"><img loading=\"lazy\" decoding=\"async\" width=\"820\" height=\"207\" src=\"https:\/\/weddings.marcinkrokowski.com\/wp-content\/uploads\/2021\/01\/liscie-boho-820x207.png\" alt=\"Boho Leaves\" class=\"wp-image-414\" style=\"width:205px;height:52px\" title=\"\" srcset=\"https:\/\/weddings.marcinkrokowski.com\/wp-content\/uploads\/2021\/01\/liscie-boho-820x207.png 820w, https:\/\/weddings.marcinkrokowski.com\/wp-content\/uploads\/2021\/01\/liscie-boho-498x126.png 498w, https:\/\/weddings.marcinkrokowski.com\/wp-content\/uploads\/2021\/01\/liscie-boho.png 835w\" sizes=\"auto, (max-width: 820px) 100vw, 820px\" \/><\/figure>\n<\/div>\n<\/div><\/div><div class=\"gb-container gb-container-a134ac42\"><div class=\"gb-inside-container\">\n\n<h2 class=\"gb-headline gb-headline-4f0110d1 gb-headline-text\">Some love stories<\/h2>\n\n\n\n<p class=\"has-text-align-center\">Explore some of my favorite love stories told in photos.<\/p>\n\n\n<div  class=\"ultp-post-grid-block wp-block-ultimate-post-post-grid-2 ultp-block-2ac1e1\"><div class=\"ultp-block-wrapper\"><div class=\"ultp-loading\"><div class=\"ultp-loading-blocks\" style=\"width:100%;height:100%;\"><div style=\"left: 0;top: 0;animation-delay:0s;\"><\/div><div style=\"left: 21px;top: 0;animation-delay:0.125s;\"><\/div><div style=\"left: 42px;top: 0;animation-delay:0.25s;\"><\/div><div style=\"left: 0;top: 21px;animation-delay:0.875s;\"><\/div><div style=\"left: 42px;top: 21px;animation-delay:0.375s;\"><\/div><div style=\"left: 0;top: 42px;animation-delay:0.75s;\"><\/div><div style=\"left: 42px;top: 42px;animation-delay:0.625s;\"><\/div><div style=\"left: 21px;top: 42px;animation-delay:0.5s;\"><\/div><\/div><\/div><div class=\"ultp-block-items-wrap ultp-block-row\"><div class=\"ultp-block-item post-id-2926\"><div class=\"ultp-block-content-wrap ultp-block-content-overlay\"><div class=\"ultp-block-image ultp-block-image-none ultp-block-image-overlay ultp-block-image-simgleGradient\"><a href=\"https:\/\/weddings.marcinkrokowski.com\/en\/portfolio\/reportaz-slubny-karlina-i-piotrek\/\" ><img decoding=\"async\" alt=\"Panna m\u0142oda i pan m\u0142ody dziel\u0105 si\u0119 ta\u0144cem w centrum jasnego, eleganckiego pokoju. Go\u015bcie w formalnych strojach \u0142\u0105cz\u0105 si\u0119 za r\u0119ce, tworz\u0105c kr\u0105g wok\u00f3\u0142 pary, tworz\u0105c o\u017cywion\u0105 atmosfer\u0119. Sala balowa jest wyposa\u017cona w \u017cyrandole i lustra, wzmacniaj\u0105c \u015bwi\u0105teczny nastr\u00f3j. Czarno-bia\u0142y obraz.\" src=\"https:\/\/weddings.marcinkrokowski.com\/wp-content\/uploads\/2023\/03\/wesele-044-498x332.jpg\" title=\"\"><\/a><\/div><div class=\"ultp-block-content ultp-block-content-middlePosition\"><div class=\"ultp-block-content-inner\"><h3 class=\"ultp-block-title \"><a href=\"https:\/\/weddings.marcinkrokowski.com\/en\/portfolio\/reportaz-slubny-karlina-i-piotrek\/\" >Reporta\u017c \u015blubny &#8211; Karlina i Piotrek<\/a><\/h3><\/div><\/div><\/div><\/div><div class=\"ultp-block-item post-id-2773\"><div class=\"ultp-block-content-wrap ultp-block-content-overlay\"><div class=\"ultp-block-image ultp-block-image-none ultp-block-image-overlay ultp-block-image-simgleGradient\"><a href=\"https:\/\/weddings.marcinkrokowski.com\/en\/portfolio\/slub-cywilny-z-garden-party\/\" ><img decoding=\"async\" alt=\"Panna m\u0142oda w bia\u0142ej sukni i pan m\u0142ody w niebieskim garniturze id\u0105 rami\u0119 w rami\u0119 przez parking w gara\u017cu, trzymaj\u0105c bia\u0142y parasol. Za nimi pod\u0105\u017ca grupa ludzi, niekt\u00f3rzy trzymaj\u0105 balony. Gara\u017c jest jasno o\u015bwietlony, po obu stronach stoj\u0105 samochody.\" src=\"https:\/\/weddings.marcinkrokowski.com\/wp-content\/uploads\/2023\/03\/USC-006-498x332.jpg\" title=\"\"><\/a><\/div><div class=\"ultp-block-content ultp-block-content-middlePosition\"><div class=\"ultp-block-content-inner\"><h3 class=\"ultp-block-title \"><a href=\"https:\/\/weddings.marcinkrokowski.com\/en\/portfolio\/slub-cywilny-z-garden-party\/\" >\u015alub cywilny z garden party<\/a><\/h3><\/div><\/div><\/div><\/div><div class=\"ultp-block-item post-id-1466\"><div class=\"ultp-block-content-wrap ultp-block-content-overlay\"><div class=\"ultp-block-image ultp-block-image-none ultp-block-image-overlay ultp-block-image-simgleGradient\"><a href=\"https:\/\/weddings.marcinkrokowski.com\/en\/portfolio\/slub-na-goclawiu\/\" ><img decoding=\"async\" alt=\"Zdj\u0119cia \u015blubne przed ko\u015bcio\u0142em\" src=\"https:\/\/weddings.marcinkrokowski.com\/wp-content\/uploads\/2021\/03\/fotograf-slubny-goclaw-slub-koscielny-498x332.jpg\" title=\"\"><\/a><\/div><div class=\"ultp-block-content ultp-block-content-middlePosition\"><div class=\"ultp-block-content-inner\"><h3 class=\"ultp-block-title \"><a href=\"https:\/\/weddings.marcinkrokowski.com\/en\/portfolio\/slub-na-goclawiu\/\" >\u015alub na Goc\u0142awiu<\/a><\/h3><\/div><\/div><\/div><\/div><div class=\"ultp-block-item post-id-1555\"><div class=\"ultp-block-content-wrap ultp-block-content-overlay\"><div class=\"ultp-block-image ultp-block-image-none ultp-block-image-overlay ultp-block-image-simgleGradient\"><a href=\"https:\/\/weddings.marcinkrokowski.com\/en\/portfolio\/sesja-slubna-w-powsinie\/\" ><img decoding=\"async\" alt=\"Sesja \u015blubna w Powsinie - Fotograf \u015blubny Warszawa\" src=\"https:\/\/weddings.marcinkrokowski.com\/wp-content\/uploads\/2021\/04\/sesja-slubna-powsin-fotograf-slubny-warszawa-498x332.jpg\" title=\"\"><\/a><\/div><div class=\"ultp-block-content ultp-block-content-middlePosition\"><div class=\"ultp-block-content-inner\"><h3 class=\"ultp-block-title \"><a href=\"https:\/\/weddings.marcinkrokowski.com\/en\/portfolio\/sesja-slubna-w-powsinie\/\" >Sesja \u015blubna w Powsinie<\/a><\/h3><\/div><\/div><\/div><\/div><\/div><\/div><div class=\"pagination-block-html\" aria-hidden=\"true\" style=\"display: none;\"><\/div><\/div>\n\n\n<div style=\"height:40px\" aria-hidden=\"true\" class=\"wp-block-spacer\"><\/div>\n\n\n<div class=\"gb-button-wrapper gb-button-wrapper-0af98aae\">\n\n<a class=\"gb-button gb-button-1da3e34d gb-button-text\" href=\"https:\/\/weddings.marcinkrokowski.com\/portfolio\/\">See more<\/a>\n\n<\/div>\n<\/div><\/div><div class=\"gb-container gb-container-c6016b65\"><div class=\"gb-inside-container\">\n\n<h2 class=\"gb-headline gb-headline-5990deb5 gb-headline-text\">Wedding Photographer<\/h2>\n\n\n\n<p class=\"has-text-align-justify\">A wedding photographer should be distinguished not only by his technical skills, but also, or perhaps above all, by his artistic sense and sense of the moment which he captures in his photos. Looking through my photos, you can see that this is not a simple photographic documentation of the wedding day, but something more. Every little detail builds the story of your day, and with my watchful eye I will catch these moments through the prism of what will be important to both you and me.<\/p>\n\n\n\n<p class=\"has-text-align-justify\">On each assignment I feel responsible, for the most beautiful and not always noticed at first glance. I know that you want to remember as much as possible from this day and enjoy it for years to come, so you want to have someone with you who will record your story in a beautiful way in photos from such an important day for you.<\/p>\n\n<\/div><\/div><div class=\"gb-container gb-container-983c5f12\"><div class=\"gb-inside-container\">\n<div class=\"gb-grid-wrapper gb-grid-wrapper-28045494\">\n<div class=\"gb-grid-column gb-grid-column-38b150a0\"><div class=\"gb-container gb-container-38b150a0\"><div class=\"gb-inside-container\">\n\n<h3 class=\"gb-headline gb-headline-7dde6607 gb-headline-text\">What do they say about me?<\/h3>\n\n\n\n<blockquote class=\"wp-block-quote is-style-default is-layout-flow wp-block-quote-is-layout-flow\">\n<p>I highly recommend it! Marcin is a professional and if you want unparalleled, beautiful photos then you have come to a very good place. Our wedding session came out fabulous. I didn&#8217;t even expect such a great effect. On the plus side for Martin, he also does a wide variety of sessions (ours was in an apiary) and always listens to the client&#8217;s ideas and then turns them into something completely amazing. Thank you so much, we couldn&#8217;t have come at a better time.<\/p>\n<cite><em>Alexandra M.<\/em><\/cite><\/blockquote>\n\n<\/div><\/div><\/div>\n\n<div class=\"gb-grid-column gb-grid-column-5cc51eeb\"><div class=\"gb-container gb-container-5cc51eeb\"><div class=\"gb-inside-container\">\n\n<figure class=\"wp-block-image size-full\"><img loading=\"lazy\" decoding=\"async\" width=\"667\" height=\"1000\" src=\"https:\/\/weddings.marcinkrokowski.com\/wp-content\/uploads\/2021\/01\/referencje-slubne-aleksandra-panna-mloda.jpg\" alt=\"Bride with bouquet references\" class=\"wp-image-435\" title=\"\" srcset=\"https:\/\/weddings.marcinkrokowski.com\/wp-content\/uploads\/2021\/01\/referencje-slubne-aleksandra-panna-mloda.jpg 667w, https:\/\/weddings.marcinkrokowski.com\/wp-content\/uploads\/2021\/01\/referencje-slubne-aleksandra-panna-mloda-498x747.jpg 498w\" sizes=\"auto, (max-width: 667px) 100vw, 667px\" \/><\/figure>\n\n<\/div><\/div><\/div>\n<\/div>\n<\/div><\/div><div class=\"gb-container gb-container-21b69425\"><div class=\"gb-inside-container\">\n\n<h2 class=\"gb-headline gb-headline-65783702 gb-headline-text\">Ask for a free date<\/h2>\n\n\n<div class=\"wp-block-image caption-align-center\">\n<figure class=\"aligncenter size-large is-resized\"><img loading=\"lazy\" decoding=\"async\" width=\"820\" height=\"207\" src=\"https:\/\/weddings.marcinkrokowski.com\/wp-content\/uploads\/2021\/01\/liscie-boho-820x207.png\" alt=\"Boho Leaves\" class=\"wp-image-414\" style=\"width:205px;height:52px\" title=\"\" srcset=\"https:\/\/weddings.marcinkrokowski.com\/wp-content\/uploads\/2021\/01\/liscie-boho-820x207.png 820w, https:\/\/weddings.marcinkrokowski.com\/wp-content\/uploads\/2021\/01\/liscie-boho-498x126.png 498w, https:\/\/weddings.marcinkrokowski.com\/wp-content\/uploads\/2021\/01\/liscie-boho.png 835w\" sizes=\"auto, (max-width: 820px) 100vw, 820px\" \/><\/figure>\n<\/div>\n\n<div class=\"gb-container gb-container-a84ac76a\"><div class=\"gb-inside-container\">\n\n<p class=\"has-text-align-justify\">You can book a wedding date even a week in advance, and some do it even two years in advance. Unfortunately, the number of weekends &#8211; and that&#8217;s when weddings and receptions are most often held &#8211; is limited. Without any obligation, you can inquire about a free date and even book it for twa weeks.  <\/p>\n\n\n\n<p class=\"has-text-align-justify\">It is nice if you also write something about yourself and how you see your wedding day, what style it will be, where you want to hold it. Are you planning an engagement or wedding session and have some crazy ideas? Write about it!<\/p>\n\n\n\n<p class=\"has-text-align-justify\">I love to travel, so if you live somewhere far away, even better! I would love to visit you, see your area and maybe do some unique outdoor session?<\/p>\n\n\n<div class=\"gb-button-wrapper gb-button-wrapper-de4f6a8e\">\n\n<a class=\"gb-button gb-button-6daeb846 gb-button-text\" href=\"https:\/\/weddings.marcinkrokowski.com\/kontakt\/\">Ask for a date<\/a>\n\n<\/div>\n<\/div><\/div>\n<\/div><\/div>","protected":false},"excerpt":{"rendered":"<p>Hello! I see you are looking for a wedding photographer? As you might have noticed at the beginning, my name is Marcin Krokowski and I have been photographing weddings for over 5 years. Previously, I was involved in event reportage and portrait photography. However, photographing two people in love at the most important moments of &#8230; <a title=\"Home\" class=\"read-more\" href=\"https:\/\/weddings.marcinkrokowski.com\/en\/\" aria-label=\"Read more about Home\">Zobacz wi\u0119cej<\/a><\/p>\n","protected":false},"author":1,"featured_media":3199,"parent":0,"menu_order":0,"comment_status":"closed","ping_status":"closed","template":"","meta":{"footnotes":""},"class_list":{"0":"post-4448","1":"page","2":"type-page","3":"status-publish","4":"has-post-thumbnail","6":"no-featured-image-padding"},"_links":{"self":[{"href":"https:\/\/weddings.marcinkrokowski.com\/en\/wp-json\/wp\/v2\/pages\/4448","targetHints":{"allow":["GET"]}}],"collection":[{"href":"https:\/\/weddings.marcinkrokowski.com\/en\/wp-json\/wp\/v2\/pages"}],"about":[{"href":"https:\/\/weddings.marcinkrokowski.com\/en\/wp-json\/wp\/v2\/types\/page"}],"author":[{"embeddable":true,"href":"https:\/\/weddings.marcinkrokowski.com\/en\/wp-json\/wp\/v2\/users\/1"}],"replies":[{"embeddable":true,"href":"https:\/\/weddings.marcinkrokowski.com\/en\/wp-json\/wp\/v2\/comments?post=4448"}],"version-history":[{"count":1,"href":"https:\/\/weddings.marcinkrokowski.com\/en\/wp-json\/wp\/v2\/pages\/4448\/revisions"}],"predecessor-version":[{"id":4451,"href":"https:\/\/weddings.marcinkrokowski.com\/en\/wp-json\/wp\/v2\/pages\/4448\/revisions\/4451"}],"wp:featuredmedia":[{"embeddable":true,"href":"https:\/\/weddings.marcinkrokowski.com\/en\/wp-json\/wp\/v2\/media\/3199"}],"wp:attachment":[{"href":"https:\/\/weddings.marcinkrokowski.com\/en\/wp-json\/wp\/v2\/media?parent=4448"}],"curies":[{"name":"wp","href":"https:\/\/api.w.org\/{rel}","templated":true}]}}